{"id":1348,"date":"2024-06-24T21:57:50","date_gmt":"2024-06-24T18:57:50","guid":{"rendered":"https:\/\/rozetevi.com.tr\/?page_id=1348"},"modified":"2024-06-24T22:07:00","modified_gmt":"2024-06-24T19:07:00","slug":"gizlilikpolitikasi","status":"publish","type":"page","link":"https:\/\/rozetevi.com.tr\/?page_id=1348","title":{"rendered":"Gizlilik Politikas\u0131"},"content":{"rendered":"\t\t<div data-elementor-type=\"wp-page\" data-elementor-id=\"1348\" class=\"elementor elementor-1348\" data-elementor-post-type=\"page\">\n\t\t\t\t<div class=\"elementor-element elementor-element-b814f73 e-flex e-con-boxed e-con e-parent\" data-id=\"b814f73\" data-element_type=\"container\" data-e-type=\"container\">\n\t\t\t\t\t<div class=\"e-con-inner\">\n\t\t\t\t\t<\/div>\n\t\t\t\t<\/div>\n\t\t<div class=\"elementor-element elementor-element-705eaaa e-flex e-con-boxed e-con e-parent\" data-id=\"705eaaa\" data-element_type=\"container\" data-e-type=\"container\">\n\t\t\t\t\t<div class=\"e-con-inner\">\n\t\t\t\t<div class=\"elementor-element elementor-element-a01cb85 elementor-widget__width-initial elementor-widget elementor-widget-heading\" data-id=\"a01cb85\" data-element_type=\"widget\" data-e-type=\"widget\" data-widget_type=\"heading.default\">\n\t\t\t\t<div class=\"elementor-widget-container\">\n\t\t\t\t\t<h2 class=\"elementor-heading-title elementor-size-default\">Gizlilik Politikas\u0131<\/h2>\t\t\t\t<\/div>\n\t\t\t\t<\/div>\n\t\t\t\t\t<\/div>\n\t\t\t\t<\/div>\n\t\t<div class=\"elementor-element elementor-element-9304735 e-flex e-con-boxed e-con e-parent\" data-id=\"9304735\" data-element_type=\"container\" data-e-type=\"container\">\n\t\t\t\t\t<div class=\"e-con-inner\">\n\t\t\t\t<div class=\"elementor-element elementor-element-2bba59b elementor-widget__width-initial elementor-widget elementor-widget-text-editor\" data-id=\"2bba59b\" data-element_type=\"widget\" data-e-type=\"widget\" data-widget_type=\"text-editor.default\">\n\t\t\t\t<div class=\"elementor-widget-container\">\n\t\t\t\t\t\t\t\t\t<p>1. Rozetevi, www.rozetevi.com.tr sitesi \u00fczerinden kullan\u0131c\u0131lar taraf\u0131ndan kendisine elektronik ortamda iletilen ki\u015fisel bilgileri, Gizlilik Politikas\u0131 ile belirlenen ama\u00e7lar ve kapsam d\u0131\u015f\u0131nda, \u00fc\u00e7\u00fcnc\u00fc ki\u015filere a\u00e7\u0131klamayacakt\u0131r. Ki\u015fisel bilgiler, ki\u015fi ad\u0131-soyad\u0131, adresi, telefon numaras\u0131, e-posta adresi gibi kullan\u0131c\u0131y\u0131 tan\u0131mlamaya y\u00f6nelik her t\u00fcrl\u00fc di\u011fer bilgiyi i\u00e7ermekte olup, k\u0131saca \u201cGizli Bilgiler\u201d olarak an\u0131lacakt\u0131r.<\/p><p>2. Rozetevi, i\u015fbu Gizlilik Politikas\u0131 ve Kullan\u0131c\u0131 S\u00f6zle\u015fmesinde tan\u0131ml\u0131 olan haller haricinde ki\u015fisel bilgileri herhangi bir \u015firket veya \u00fc\u00e7\u00fcnc\u00fc ki\u015filere a\u00e7\u0131klamayacakt\u0131r. Rozetevi, ki\u015fisel bilgileri kendi b\u00fcnyesinde, m\u00fc\u015fteri profili belirlemek ve istatistiksel \u00e7al\u0131\u015fmalar yapmak amac\u0131yla kullan\u0131labilecektir.<\/p><p>3. Rozetevi, ki\u015fisel bilgileri kesinlikle \u00f6zel ve gizli tutmay\u0131, bunu bir s\u0131r saklama y\u00fck\u00fcml\u00fcl\u00fc\u011f\u00fc olarak addetmeyi ve gizlili\u011fin sa\u011flanmas\u0131 ve s\u00fcrd\u00fcr\u00fclmesi, gizli bilginin tamam\u0131n\u0131n veya herhangi bir k\u0131sm\u0131n\u0131n kamu alan\u0131na girmesini veya yetkisiz kullan\u0131m\u0131n\u0131 veya \u00fc\u00e7\u00fcnc\u00fc bir ki\u015fiye if\u015fas\u0131n\u0131 \u00f6nlemek i\u00e7in gerekli tedbirleri almay\u0131 ve gerekli \u00f6zeni g\u00f6stermeyi taahh\u00fct etmektedir. Rozetevi\u2019nin gerekli bilgi g\u00fcvenli\u011fi \u00f6nlemlerini almas\u0131na kar\u015f\u0131n, www.rozetevi.com.tr sitesine ve sisteme yap\u0131lan sald\u0131r\u0131lar sonucunda gizli bilgilerin zarar g\u00f6rmesi veya \u00fc\u00e7\u00fcnc\u00fc ki\u015filerin eline ge\u00e7mesi durumunda, Rozetevi\u2019nin herhangi bir sorumlulu\u011fu olmayacakt\u0131r.<\/p><p>4. Rozetevi, kullan\u0131c\u0131lara ve kullan\u0131c\u0131lar\u0131n www.rozetevi.com.tr sitesinin kullan\u0131m\u0131na dair bilgileri, teknik bir ileti\u015fim dosyas\u0131n\u0131 (Kurabiye-Cookie) kullanarak elde edebilir. Ancak, kullan\u0131c\u0131lar dilerlerse teknik ileti\u015fim dosyas\u0131n\u0131n gelmemesi veya teknik ileti\u015fim dosyas\u0131 g\u00f6nderildi\u011finde ikaz verilmesini sa\u011flayacak bi\u00e7imde, taray\u0131c\u0131 ayarlar\u0131n\u0131 de\u011fi\u015ftirebilirler. Rozetevi, i\u015fbu Gizlilik Politikas\u0131 h\u00fck\u00fcmlerini, diledi\u011fi zaman www.rozetevi.com.tr sitesinde yay\u0131nlamak suretiyle, tek tarafl\u0131 olarak de\u011fi\u015ftirebilir. Rozetevi\u2019in de\u011fi\u015fiklik yapt\u0131\u011f\u0131 Gizlilik Politikas\u0131 h\u00fck\u00fcmleri, www.rozetevi.com.tr sitesinde yay\u0131nland\u0131\u011f\u0131 tarihte y\u00fcr\u00fcrl\u00fcl\u00fc\u011fe girer.<\/p>\t\t\t\t\t\t\t\t<\/div>\n\t\t\t\t<\/div>\n\t\t\t\t\t<\/div>\n\t\t\t\t<\/div>\n\t\t<div class=\"elementor-element elementor-element-7a80172 e-flex e-con-boxed e-con e-parent\" data-id=\"7a80172\" data-element_type=\"container\" data-e-type=\"container\">\n\t\t\t\t\t<div class=\"e-con-inner\">\n\t\t\t\t<div class=\"elementor-element elementor-element-484e93b elementor-widget__width-initial elementor-widget elementor-widget-heading\" data-id=\"484e93b\" data-element_type=\"widget\" data-e-type=\"widget\" data-widget_type=\"heading.default\">\n\t\t\t\t<div class=\"elementor-widget-container\">\n\t\t\t\t\t<h2 class=\"elementor-heading-title elementor-size-default\">Yasal H\u00fck\u00fcmler<\/h2>\t\t\t\t<\/div>\n\t\t\t\t<\/div>\n\t\t\t\t\t<\/div>\n\t\t\t\t<\/div>\n\t\t<div class=\"elementor-element elementor-element-ab58ad4 e-flex e-con-boxed e-con e-parent\" data-id=\"ab58ad4\" data-element_type=\"container\" data-e-type=\"container\">\n\t\t\t\t\t<div class=\"e-con-inner\">\n\t\t\t\t<div class=\"elementor-element elementor-element-32514a3 elementor-widget__width-initial elementor-widget elementor-widget-text-editor\" data-id=\"32514a3\" data-element_type=\"widget\" data-e-type=\"widget\" data-widget_type=\"text-editor.default\">\n\t\t\t\t<div class=\"elementor-widget-container\">\n\t\t\t\t\t\t\t\t\t<p>Web sitemiz dahilindeki t\u00fcm sayfalar, bu sayfalar\u0131 g\u00f6steren ekranlar ve i\u00e7erdi\u011fi her t\u00fcrl\u00fc bilgi ve ba\u011fl\u0131 materyal, yerle\u015fim ve \u00f6\u011feler, m\u00fc\u015fteri ve \u00e7\u00f6z\u00fcm ortaklar\u0131n\u0131n logolar\u0131 ve kayna\u011f\u0131 belirtilerek yap\u0131lm\u0131\u015f al\u0131nt\u0131lar hari\u00e7 ve aksi belirtilmedik\u00e7e RozetEvi\u2019nin mal\u0131d\u0131r. RozetEvi\u2019nin yaz\u0131l\u0131 izni olmaks\u0131z\u0131n ve kaynak belirtilmedik\u00e7e k\u0131smen veya tamamen kullan\u0131lamaz veya al\u0131nt\u0131 yap\u0131lamaz. Burada sergilenen t\u00fcm rozetlerimizin kal\u0131p m\u00fclkiyeti noter huzurunda tespit edilmi\u015f olup rozetlerimizin kopyalanmas\u0131 yasal olarak su\u00e7tur.<\/p><p>Bu web sitesinde yer alan sayfalardaki bilgi, materyal ve i\u00e7erik, \u015fartlar, h\u00fck\u00fcmler ve tan\u0131mlar, RozetEvi taraf\u0131ndan haber vermeksizin de\u011fi\u015ftirilebilir. Bu siteye ve herhangi bir sayfas\u0131na girerek, a\u015fa\u011f\u0131da yer alan \u015fart ve h\u00fck\u00fcmleri kabul etmi\u015f say\u0131l\u0131rs\u0131n\u0131z. E\u011fer a\u015fa\u011f\u0131daki \u015fart ve h\u00fck\u00fcmleri kabul etmiyorsan\u0131z, bu site ve i\u00e7eri\u011finde yer alan sayfalara girmeyiniz.<\/p><ol><li>Bu site i\u00e7eri\u011finde yer alan herhangi bir bilginin yanl\u0131\u015f ve menfi ama\u00e7l\u0131 kullan\u0131m\u0131 yasakt\u0131r.<\/li><li>Bu site, RozetEvi\u2019nden ba\u011f\u0131ms\u0131z ger\u00e7ek ve t\u00fczel ki\u015filerce sahip olunan veya i\u015fletilen internet sitelerine ba\u011flant\u0131lar i\u00e7erebilir. Bu gibi internet sitelerinde yer alan hi\u00e7bir bilgi ve i\u00e7erikten dolay\u0131 Rozetevi sorumluluk kabul etmez. Benzer \u015fekilde, RozetEvi, kendisinden ba\u011f\u0131ms\u0131z olarak sahip olunan veya i\u015fletilen internet sitelerinden bu siteye ger\u00e7ekle\u015fen ba\u011flant\u0131lardan dolay\u0131 herhangi bir sorumluluk kabul etmez.<\/li><li>RozetEvi, herhangi bir internet sitesine link vererek, bu sitelerde sunulan \u00fcr\u00fcn ve hizmetleri tavsiye etmi\u015f olmaz. Bu internet sitelerinde sunulan hizmet ve \u00fcr\u00fcnlerden do\u011fabilecek \u015fikayetlerden dolay\u0131 RozetEvi mesul tutulamaz.<\/li><li>RozetEvi, kendi sitesine veya ba\u011flant\u0131 verdi\u011fi di\u011fer sitelere eri\u015fim sonucu ziyaret\u00e7inin kar\u015f\u0131la\u015fabilece\u011fi do\u011frudan veya dolayl\u0131 herhangi bir sorun, aksakl\u0131k, hasar veya bilc\u00fcmle ziyandan sorumlu tutulamaz.<\/li><li>Bu web sitesinin kullan\u0131m\u0131ndan do\u011fabilecek herhangi bir \u015fikayetin \u00e7\u00f6z\u00fcm mercii T\u00fcrkiye Cumhuriyeti kanun ve mahkemeleridir.<\/li><\/ol><p>Gizlili\u011finiz RozetEvi i\u00e7in \u00f6nemlidir. Bu web sitesi arac\u0131l\u0131\u011f\u0131 ile payla\u015faca\u011f\u0131n\u0131z t\u00fcm bilgilerin kati surette gizlili\u011fi RozetEvi garanti ve taahh\u00fcd\u00fc alt\u0131ndad\u0131r. Sizden bilgi almam\u0131z\u0131n sebebi sundu\u011fumuz hizmet kalitesinin s\u00fcrekli artan bir \u00e7izgide devam etmesini sa\u011flamakt\u0131r. M\u00fc\u015fterilerimizin ve web sitesi ziyaret\u00e7ilerimizin herhangi bir \u015fekilde RozetEvi ile payla\u015ft\u0131\u011f\u0131 bilgiler, bilginin al\u0131nmas\u0131 esnas\u0131nda uyar\u0131 ve teyid al\u0131nmad\u0131\u011f\u0131, ayr\u0131ca izin verilmedi\u011fi veya yasalarca zorunlu k\u0131l\u0131nmad\u0131\u011f\u0131 s\u00fcrece RozetEvi d\u0131\u015f\u0131ndaki herhangi bir ger\u00e7ek veya t\u00fczel ki\u015fi ile payla\u015f\u0131lmaz. Ancak izniniz ile, d\u00fczenli veya d\u00fczensiz aral\u0131klarda RozetEvi\u2019nden elektronik posta mesajlar\u0131 alabilirsiniz. M\u00fc\u015fterilerimiz ve web sitesi ziyaret\u00e7ilerimiz herhangi bir zamanda, bu tarz elektronik posta listelerimizden \u00e7\u0131kar\u0131lmay\u0131 talep edebilirler, bu talepler teknolojinin verdi\u011fi en h\u0131zl\u0131 imkanlar ile ger\u00e7ekle\u015ftirilecektir.<\/p>\t\t\t\t\t\t\t\t<\/div>\n\t\t\t\t<\/div>\n\t\t\t\t\t<\/div>\n\t\t\t\t<\/div>\n\t\t\t\t<\/div>\n\t\t","protected":false},"excerpt":{"rendered":"<p>Gizlilik Politikas\u0131 1. Rozetevi, www.rozetevi.com.tr sitesi \u00fczerinden kullan\u0131c\u0131lar taraf\u0131ndan kendisine elektronik ortamda iletilen ki\u015fisel bilgileri, Gizlilik Politikas\u0131 ile belirlenen ama\u00e7lar ve kapsam d\u0131\u015f\u0131nda, \u00fc\u00e7\u00fcnc\u00fc ki\u015filere a\u00e7\u0131klamayacakt\u0131r. Ki\u015fisel bilgiler, ki\u015fi ad\u0131-soyad\u0131, adresi, telefon numaras\u0131, e-posta adresi gibi kullan\u0131c\u0131y\u0131 tan\u0131mlamaya y\u00f6nelik her t\u00fcrl\u00fc di\u011fer bilgiyi i\u00e7ermekte olup, k\u0131saca \u201cGizli Bilgiler\u201d olarak an\u0131lacakt\u0131r. 2. Rozetevi, i\u015fbu Gizlilik Politikas\u0131 [&hellip;]<\/p>\n","protected":false},"author":1,"featured_media":0,"parent":0,"menu_order":0,"comment_status":"closed","ping_status":"closed","template":"elementor_header_footer","meta":{"_joinchat":[],"footnotes":""},"class_list":["post-1348","page","type-page","status-publish","hentry"],"jetpack_sharing_enabled":true,"_links":{"self":[{"href":"https:\/\/rozetevi.com.tr\/index.php?rest_route=\/wp\/v2\/pages\/1348","targetHints":{"allow":["GET"]}}],"collection":[{"href":"https:\/\/rozetevi.com.tr\/index.php?rest_route=\/wp\/v2\/pages"}],"about":[{"href":"https:\/\/rozetevi.com.tr\/index.php?rest_route=\/wp\/v2\/types\/page"}],"author":[{"embeddable":true,"href":"https:\/\/rozetevi.com.tr\/index.php?rest_route=\/wp\/v2\/users\/1"}],"replies":[{"embeddable":true,"href":"https:\/\/rozetevi.com.tr\/index.php?rest_route=%2Fwp%2Fv2%2Fcomments&post=1348"}],"version-history":[{"count":11,"href":"https:\/\/rozetevi.com.tr\/index.php?rest_route=\/wp\/v2\/pages\/1348\/revisions"}],"predecessor-version":[{"id":1364,"href":"https:\/\/rozetevi.com.tr\/index.php?rest_route=\/wp\/v2\/pages\/1348\/revisions\/1364"}],"wp:attachment":[{"href":"https:\/\/rozetevi.com.tr\/index.php?rest_route=%2Fwp%2Fv2%2Fmedia&parent=1348"}],"curies":[{"name":"wp","href":"https:\/\/api.w.org\/{rel}","templated":true}]}}